{"id":193,"date":"2017-10-16T18:18:41","date_gmt":"2017-10-16T18:18:41","guid":{"rendered":"http:\/\/www.elrestaurantedelosmonjes.com\/web\/?page_id=193"},"modified":"2026-03-03T17:45:54","modified_gmt":"2026-03-03T17:45:54","slug":"salon","status":"publish","type":"page","link":"http:\/\/www.elrestaurantedelosmonjes.com\/web\/salon\/","title":{"rendered":"Salon"},"content":{"rendered":"\t\t<div data-elementor-type=\"wp-page\" data-elementor-id=\"193\" class=\"elementor elementor-193\">\n\t\t\t\t\t\t<section class=\"elementor-section elementor-top-section elementor-element elementor-element-82d02ac elementor-section-boxed elementor-section-height-default elementor-section-height-default\" data-id=\"82d02ac\" data-element_type=\"section\" data-e-type=\"section\">\n\t\t\t\t\t\t<div class=\"elementor-container elementor-column-gap-default\">\n\t\t\t\t\t<div class=\"elementor-column elementor-col-100 elementor-top-column elementor-element elementor-element-ea13a10\" data-id=\"ea13a10\" data-element_type=\"column\" data-e-type=\"column\">\n\t\t\t<div class=\"elementor-widget-wrap elementor-element-populated\">\n\t\t\t\t\t\t<div class=\"elementor-element elementor-element-933fd65 elementor-widget elementor-widget-text-editor\" data-id=\"933fd65\" data-element_type=\"widget\" data-e-type=\"widget\" data-widget_type=\"text-editor.default\">\n\t\t\t\t<div class=\"elementor-widget-container\">\n\t\t\t\t\t\t\t\t\t<p>El sal\u00f3n combina siglos de arte e historia, y es un lugar que le puede ser \u00fatil para juntas de trabajo capacitaci\u00f3n o celebraci\u00f3n de un evento especial.&nbsp; Le podemos ofrecer espacio y alimentos, servicio de coffe break, audio y video para presentaciones.<\/p>\t\t\t\t\t\t\t\t<\/div>\n\t\t\t\t<\/div>\n\t\t\t\t\t<\/div>\n\t\t<\/div>\n\t\t\t\t\t<\/div>\n\t\t<\/section>\n\t\t\t\t<section class=\"elementor-section elementor-top-section elementor-element elementor-element-59bf81f elementor-section-boxed elementor-section-height-default elementor-section-height-default\" data-id=\"59bf81f\" data-element_type=\"section\" data-e-type=\"section\">\n\t\t\t\t\t\t<div class=\"elementor-container elementor-column-gap-default\">\n\t\t\t\t\t<div class=\"elementor-column elementor-col-50 elementor-top-column elementor-element elementor-element-1ddfe6f\" data-id=\"1ddfe6f\" data-element_type=\"column\" data-e-type=\"column\">\n\t\t\t<div class=\"elementor-widget-wrap elementor-element-populated\">\n\t\t\t\t\t\t<div class=\"elementor-element elementor-element-c2a11c1 elementor-widget elementor-widget-image\" data-id=\"c2a11c1\" data-element_type=\"widget\" data-e-type=\"widget\" data-widget_type=\"image.default\">\n\t\t\t\t<div class=\"elementor-widget-container\">\n\t\t\t\t\t\t\t\t\t\t\t\t\t\t\t<img fetchpriority=\"high\" decoding=\"async\" width=\"1024\" height=\"768\" src=\"http:\/\/www.elrestaurantedelosmonjes.com\/web\/wp-content\/uploads\/2022\/08\/WhatsApp-Image-2022-07-29-at-7.58.51-PM1-1024x768.jpeg\" class=\"attachment-large size-large wp-image-802\" alt=\"\" srcset=\"http:\/\/www.elrestaurantedelosmonjes.com\/web\/wp-content\/uploads\/2022\/08\/WhatsApp-Image-2022-07-29-at-7.58.51-PM1-1024x768.jpeg 1024w, http:\/\/www.elrestaurantedelosmonjes.com\/web\/wp-content\/uploads\/2022\/08\/WhatsApp-Image-2022-07-29-at-7.58.51-PM1-300x225.jpeg 300w, http:\/\/www.elrestaurantedelosmonjes.com\/web\/wp-content\/uploads\/2022\/08\/WhatsApp-Image-2022-07-29-at-7.58.51-PM1-768x576.jpeg 768w, http:\/\/www.elrestaurantedelosmonjes.com\/web\/wp-content\/uploads\/2022\/08\/WhatsApp-Image-2022-07-29-at-7.58.51-PM1-1536x1152.jpeg 1536w, http:\/\/www.elrestaurantedelosmonjes.com\/web\/wp-content\/uploads\/2022\/08\/WhatsApp-Image-2022-07-29-at-7.58.51-PM1-80x60.jpeg 80w, http:\/\/www.elrestaurantedelosmonjes.com\/web\/wp-content\/uploads\/2022\/08\/WhatsApp-Image-2022-07-29-at-7.58.51-PM1.jpeg 1600w\" sizes=\"(max-width: 1024px) 100vw, 1024px\" \/>\t\t\t\t\t\t\t\t\t\t\t\t\t\t\t<\/div>\n\t\t\t\t<\/div>\n\t\t\t\t<div class=\"elementor-element elementor-element-0e4bc57 elementor-widget elementor-widget-image\" data-id=\"0e4bc57\" data-element_type=\"widget\" data-e-type=\"widget\" data-widget_type=\"image.default\">\n\t\t\t\t<div class=\"elementor-widget-container\">\n\t\t\t\t\t\t\t\t\t\t\t\t\t\t\t<img decoding=\"async\" width=\"1024\" height=\"768\" src=\"http:\/\/www.elrestaurantedelosmonjes.com\/web\/wp-content\/uploads\/2022\/08\/WhatsApp-Image-2022-07-29-at-7.58.51-PM-1024x768.jpeg\" class=\"attachment-large size-large wp-image-803\" alt=\"\" srcset=\"http:\/\/www.elrestaurantedelosmonjes.com\/web\/wp-content\/uploads\/2022\/08\/WhatsApp-Image-2022-07-29-at-7.58.51-PM-1024x768.jpeg 1024w, http:\/\/www.elrestaurantedelosmonjes.com\/web\/wp-content\/uploads\/2022\/08\/WhatsApp-Image-2022-07-29-at-7.58.51-PM-300x225.jpeg 300w, http:\/\/www.elrestaurantedelosmonjes.com\/web\/wp-content\/uploads\/2022\/08\/WhatsApp-Image-2022-07-29-at-7.58.51-PM-768x576.jpeg 768w, http:\/\/www.elrestaurantedelosmonjes.com\/web\/wp-content\/uploads\/2022\/08\/WhatsApp-Image-2022-07-29-at-7.58.51-PM-1536x1152.jpeg 1536w, http:\/\/www.elrestaurantedelosmonjes.com\/web\/wp-content\/uploads\/2022\/08\/WhatsApp-Image-2022-07-29-at-7.58.51-PM-80x60.jpeg 80w, http:\/\/www.elrestaurantedelosmonjes.com\/web\/wp-content\/uploads\/2022\/08\/WhatsApp-Image-2022-07-29-at-7.58.51-PM.jpeg 1600w\" sizes=\"(max-width: 1024px) 100vw, 1024px\" \/>\t\t\t\t\t\t\t\t\t\t\t\t\t\t\t<\/div>\n\t\t\t\t<\/div>\n\t\t\t\t<div class=\"elementor-element elementor-element-e53373a elementor-widget elementor-widget-image\" data-id=\"e53373a\" data-element_type=\"widget\" data-e-type=\"widget\" data-widget_type=\"image.default\">\n\t\t\t\t<div class=\"elementor-widget-container\">\n\t\t\t\t\t\t\t\t\t\t\t\t\t\t\t<img decoding=\"async\" width=\"1024\" height=\"768\" src=\"http:\/\/www.elrestaurantedelosmonjes.com\/web\/wp-content\/uploads\/2022\/08\/WhatsApp-Image-2021-07-31-at-11.14.30-AM1-1024x768.jpeg\" class=\"attachment-large size-large wp-image-806\" alt=\"\" srcset=\"http:\/\/www.elrestaurantedelosmonjes.com\/web\/wp-content\/uploads\/2022\/08\/WhatsApp-Image-2021-07-31-at-11.14.30-AM1-1024x768.jpeg 1024w, http:\/\/www.elrestaurantedelosmonjes.com\/web\/wp-content\/uploads\/2022\/08\/WhatsApp-Image-2021-07-31-at-11.14.30-AM1-300x225.jpeg 300w, http:\/\/www.elrestaurantedelosmonjes.com\/web\/wp-content\/uploads\/2022\/08\/WhatsApp-Image-2021-07-31-at-11.14.30-AM1-768x576.jpeg 768w, http:\/\/www.elrestaurantedelosmonjes.com\/web\/wp-content\/uploads\/2022\/08\/WhatsApp-Image-2021-07-31-at-11.14.30-AM1-1536x1152.jpeg 1536w, http:\/\/www.elrestaurantedelosmonjes.com\/web\/wp-content\/uploads\/2022\/08\/WhatsApp-Image-2021-07-31-at-11.14.30-AM1-80x60.jpeg 80w, http:\/\/www.elrestaurantedelosmonjes.com\/web\/wp-content\/uploads\/2022\/08\/WhatsApp-Image-2021-07-31-at-11.14.30-AM1.jpeg 1600w\" sizes=\"(max-width: 1024px) 100vw, 1024px\" \/>\t\t\t\t\t\t\t\t\t\t\t\t\t\t\t<\/div>\n\t\t\t\t<\/div>\n\t\t\t\t<div class=\"elementor-element elementor-element-a895907 elementor-widget elementor-widget-image\" data-id=\"a895907\" data-element_type=\"widget\" data-e-type=\"widget\" data-widget_type=\"image.default\">\n\t\t\t\t<div class=\"elementor-widget-container\">\n\t\t\t\t\t\t\t\t\t\t\t\t\t\t\t<img loading=\"lazy\" decoding=\"async\" width=\"1024\" height=\"768\" src=\"http:\/\/www.elrestaurantedelosmonjes.com\/web\/wp-content\/uploads\/2022\/08\/WhatsApp-Image-2021-07-31-at-11.14.33-AM1-1024x768.jpeg\" class=\"attachment-large size-large wp-image-807\" alt=\"\" srcset=\"http:\/\/www.elrestaurantedelosmonjes.com\/web\/wp-content\/uploads\/2022\/08\/WhatsApp-Image-2021-07-31-at-11.14.33-AM1-1024x768.jpeg 1024w, http:\/\/www.elrestaurantedelosmonjes.com\/web\/wp-content\/uploads\/2022\/08\/WhatsApp-Image-2021-07-31-at-11.14.33-AM1-300x225.jpeg 300w, http:\/\/www.elrestaurantedelosmonjes.com\/web\/wp-content\/uploads\/2022\/08\/WhatsApp-Image-2021-07-31-at-11.14.33-AM1-768x576.jpeg 768w, http:\/\/www.elrestaurantedelosmonjes.com\/web\/wp-content\/uploads\/2022\/08\/WhatsApp-Image-2021-07-31-at-11.14.33-AM1-1536x1152.jpeg 1536w, http:\/\/www.elrestaurantedelosmonjes.com\/web\/wp-content\/uploads\/2022\/08\/WhatsApp-Image-2021-07-31-at-11.14.33-AM1-80x60.jpeg 80w, http:\/\/www.elrestaurantedelosmonjes.com\/web\/wp-content\/uploads\/2022\/08\/WhatsApp-Image-2021-07-31-at-11.14.33-AM1.jpeg 1600w\" sizes=\"(max-width: 1024px) 100vw, 1024px\" \/>\t\t\t\t\t\t\t\t\t\t\t\t\t\t\t<\/div>\n\t\t\t\t<\/div>\n\t\t\t\t<div class=\"elementor-element elementor-element-5d22589 elementor-widget elementor-widget-image\" data-id=\"5d22589\" data-element_type=\"widget\" data-e-type=\"widget\" data-widget_type=\"image.default\">\n\t\t\t\t<div class=\"elementor-widget-container\">\n\t\t\t\t\t\t\t\t\t\t\t\t\t\t\t<img loading=\"lazy\" decoding=\"async\" width=\"1024\" height=\"768\" src=\"http:\/\/www.elrestaurantedelosmonjes.com\/web\/wp-content\/uploads\/2022\/08\/WhatsApp-Image-2020-11-08-at-12.21.12-PM1-1024x768.jpeg\" class=\"attachment-large size-large wp-image-808\" alt=\"\" srcset=\"http:\/\/www.elrestaurantedelosmonjes.com\/web\/wp-content\/uploads\/2022\/08\/WhatsApp-Image-2020-11-08-at-12.21.12-PM1-1024x768.jpeg 1024w, http:\/\/www.elrestaurantedelosmonjes.com\/web\/wp-content\/uploads\/2022\/08\/WhatsApp-Image-2020-11-08-at-12.21.12-PM1-300x225.jpeg 300w, http:\/\/www.elrestaurantedelosmonjes.com\/web\/wp-content\/uploads\/2022\/08\/WhatsApp-Image-2020-11-08-at-12.21.12-PM1-768x576.jpeg 768w, http:\/\/www.elrestaurantedelosmonjes.com\/web\/wp-content\/uploads\/2022\/08\/WhatsApp-Image-2020-11-08-at-12.21.12-PM1-80x60.jpeg 80w, http:\/\/www.elrestaurantedelosmonjes.com\/web\/wp-content\/uploads\/2022\/08\/WhatsApp-Image-2020-11-08-at-12.21.12-PM1.jpeg 1280w\" sizes=\"(max-width: 1024px) 100vw, 1024px\" \/>\t\t\t\t\t\t\t\t\t\t\t\t\t\t\t<\/div>\n\t\t\t\t<\/div>\n\t\t\t\t<div class=\"elementor-element elementor-element-4d036f7 elementor-widget elementor-widget-image\" data-id=\"4d036f7\" data-element_type=\"widget\" data-e-type=\"widget\" data-widget_type=\"image.default\">\n\t\t\t\t<div class=\"elementor-widget-container\">\n\t\t\t\t\t\t\t\t\t\t\t\t\t\t\t<img loading=\"lazy\" decoding=\"async\" width=\"1024\" height=\"768\" src=\"http:\/\/www.elrestaurantedelosmonjes.com\/web\/wp-content\/uploads\/2022\/08\/WhatsApp-Image-2021-07-31-at-11.14.31-AM-1024x768.jpeg\" class=\"attachment-large size-large wp-image-805\" alt=\"\" srcset=\"http:\/\/www.elrestaurantedelosmonjes.com\/web\/wp-content\/uploads\/2022\/08\/WhatsApp-Image-2021-07-31-at-11.14.31-AM-1024x768.jpeg 1024w, http:\/\/www.elrestaurantedelosmonjes.com\/web\/wp-content\/uploads\/2022\/08\/WhatsApp-Image-2021-07-31-at-11.14.31-AM-300x225.jpeg 300w, http:\/\/www.elrestaurantedelosmonjes.com\/web\/wp-content\/uploads\/2022\/08\/WhatsApp-Image-2021-07-31-at-11.14.31-AM-768x576.jpeg 768w, http:\/\/www.elrestaurantedelosmonjes.com\/web\/wp-content\/uploads\/2022\/08\/WhatsApp-Image-2021-07-31-at-11.14.31-AM-1536x1152.jpeg 1536w, http:\/\/www.elrestaurantedelosmonjes.com\/web\/wp-content\/uploads\/2022\/08\/WhatsApp-Image-2021-07-31-at-11.14.31-AM-80x60.jpeg 80w, http:\/\/www.elrestaurantedelosmonjes.com\/web\/wp-content\/uploads\/2022\/08\/WhatsApp-Image-2021-07-31-at-11.14.31-AM.jpeg 1600w\" sizes=\"(max-width: 1024px) 100vw, 1024px\" \/>\t\t\t\t\t\t\t\t\t\t\t\t\t\t\t<\/div>\n\t\t\t\t<\/div>\n\t\t\t\t<div class=\"elementor-element elementor-element-6e58e61 elementor-widget elementor-widget-image\" data-id=\"6e58e61\" data-element_type=\"widget\" data-e-type=\"widget\" data-widget_type=\"image.default\">\n\t\t\t\t<div class=\"elementor-widget-container\">\n\t\t\t\t\t\t\t\t\t\t\t\t\t\t\t<img loading=\"lazy\" decoding=\"async\" width=\"1024\" height=\"768\" src=\"http:\/\/www.elrestaurantedelosmonjes.com\/web\/wp-content\/uploads\/2022\/08\/WhatsApp-Image-2021-07-31-at-1.12.07-PM-1024x768.jpeg\" class=\"attachment-large size-large wp-image-804\" alt=\"\" srcset=\"http:\/\/www.elrestaurantedelosmonjes.com\/web\/wp-content\/uploads\/2022\/08\/WhatsApp-Image-2021-07-31-at-1.12.07-PM-1024x768.jpeg 1024w, http:\/\/www.elrestaurantedelosmonjes.com\/web\/wp-content\/uploads\/2022\/08\/WhatsApp-Image-2021-07-31-at-1.12.07-PM-300x225.jpeg 300w, http:\/\/www.elrestaurantedelosmonjes.com\/web\/wp-content\/uploads\/2022\/08\/WhatsApp-Image-2021-07-31-at-1.12.07-PM-768x576.jpeg 768w, http:\/\/www.elrestaurantedelosmonjes.com\/web\/wp-content\/uploads\/2022\/08\/WhatsApp-Image-2021-07-31-at-1.12.07-PM-1536x1152.jpeg 1536w, http:\/\/www.elrestaurantedelosmonjes.com\/web\/wp-content\/uploads\/2022\/08\/WhatsApp-Image-2021-07-31-at-1.12.07-PM-80x60.jpeg 80w, http:\/\/www.elrestaurantedelosmonjes.com\/web\/wp-content\/uploads\/2022\/08\/WhatsApp-Image-2021-07-31-at-1.12.07-PM.jpeg 1600w\" sizes=\"(max-width: 1024px) 100vw, 1024px\" \/>\t\t\t\t\t\t\t\t\t\t\t\t\t\t\t<\/div>\n\t\t\t\t<\/div>\n\t\t\t\t\t<\/div>\n\t\t<\/div>\n\t\t\t\t<div class=\"elementor-column elementor-col-50 elementor-top-column elementor-element elementor-element-be5de08\" data-id=\"be5de08\" data-element_type=\"column\" data-e-type=\"column\">\n\t\t\t<div class=\"elementor-widget-wrap\">\n\t\t\t\t\t\t\t<\/div>\n\t\t<\/div>\n\t\t\t\t\t<\/div>\n\t\t<\/section>\n\t\t\t\t<\/div>\n\t\t","protected":false},"excerpt":{"rendered":"<p>El sal\u00f3n combina siglos de arte e historia, y es un lugar que le puede ser \u00fatil para juntas de trabajo capacitaci\u00f3n o celebraci\u00f3n de &hellip; <\/p>\n","protected":false},"author":1,"featured_media":0,"parent":0,"menu_order":0,"comment_status":"closed","ping_status":"closed","template":"","meta":{"footnotes":""},"class_list":["post-193","page","type-page","status-publish","hentry","latest_post"],"_links":{"self":[{"href":"http:\/\/www.elrestaurantedelosmonjes.com\/web\/wp-json\/wp\/v2\/pages\/193","targetHints":{"allow":["GET"]}}],"collection":[{"href":"http:\/\/www.elrestaurantedelosmonjes.com\/web\/wp-json\/wp\/v2\/pages"}],"about":[{"href":"http:\/\/www.elrestaurantedelosmonjes.com\/web\/wp-json\/wp\/v2\/types\/page"}],"author":[{"embeddable":true,"href":"http:\/\/www.elrestaurantedelosmonjes.com\/web\/wp-json\/wp\/v2\/users\/1"}],"replies":[{"embeddable":true,"href":"http:\/\/www.elrestaurantedelosmonjes.com\/web\/wp-json\/wp\/v2\/comments?post=193"}],"version-history":[{"count":16,"href":"http:\/\/www.elrestaurantedelosmonjes.com\/web\/wp-json\/wp\/v2\/pages\/193\/revisions"}],"predecessor-version":[{"id":1230,"href":"http:\/\/www.elrestaurantedelosmonjes.com\/web\/wp-json\/wp\/v2\/pages\/193\/revisions\/1230"}],"wp:attachment":[{"href":"http:\/\/www.elrestaurantedelosmonjes.com\/web\/wp-json\/wp\/v2\/media?parent=193"}],"curies":[{"name":"wp","href":"https:\/\/api.w.org\/{rel}","templated":true}]}}