{"id":39,"date":"2017-09-15T21:55:43","date_gmt":"2017-09-15T21:55:43","guid":{"rendered":"http:\/\/www.elrestaurantedelosmonjes.com\/web\/?page_id=39"},"modified":"2019-06-10T17:04:25","modified_gmt":"2019-06-10T17:04:25","slug":"reuniones-familiares","status":"publish","type":"page","link":"http:\/\/www.elrestaurantedelosmonjes.com\/web\/reuniones-familiares\/","title":{"rendered":"Reuniones Familiares"},"content":{"rendered":"<p><strong>Reuniones privadas<\/strong><\/p>\n<p>Hermoso lugar para pasar una ma\u00f1ana o tarde acompa\u00f1ados de los seres queridos, podemos ofrecerle el sal\u00f3n principal o el jard\u00edn.<\/p>\n<p>Le ofrecemos los alimentos y bebidas, el servicio calido de nuestro personal y la inigualable admosfera del Ex convento del desierto de los Leones.<\/p>\n<p>&nbsp;<\/p>\n<p><a href=\"http:\/\/www.elrestaurantedelosmonjes.com\/web\/wp-content\/uploads\/2017\/09\/IMG_6420.jpg\"><img fetchpriority=\"high\" decoding=\"async\" src=\"http:\/\/www.elrestaurantedelosmonjes.com\/web\/wp-content\/uploads\/2017\/09\/IMG_6420.jpg\" alt=\"\" width=\"4032\" height=\"3024\" \/><\/a> <a href=\"http:\/\/www.elrestaurantedelosmonjes.com\/web\/wp-content\/uploads\/2017\/09\/IMG_6418.jpg\"><img decoding=\"async\" src=\"http:\/\/www.elrestaurantedelosmonjes.com\/web\/wp-content\/uploads\/2017\/09\/IMG_6418.jpg\" alt=\"\" width=\"4032\" height=\"3024\" \/><\/a><\/p>\n<p>\t\t\t\t<img decoding=\"async\" src=\"http:\/\/www.elrestaurantedelosmonjes.com\/web\/wp-content\/uploads\/2017\/09\/IMG_0859.jpg\" alt=\"IMG_0859\" itemprop=\"image\"  \/><br \/>\n\t\t\t\t<img decoding=\"async\" src=\"http:\/\/www.elrestaurantedelosmonjes.com\/web\/wp-content\/uploads\/2017\/09\/IMG_0858.jpg\" alt=\"IMG_0858\" itemprop=\"image\"  \/><br \/>\n\t\t\t\t<img decoding=\"async\" src=\"http:\/\/www.elrestaurantedelosmonjes.com\/web\/wp-content\/uploads\/2017\/09\/IMG_2447.jpg\" alt=\"IMG_2447\" itemprop=\"image\"  \/><br \/>\n\t\t\t\t<img decoding=\"async\" src=\"http:\/\/www.elrestaurantedelosmonjes.com\/web\/wp-content\/uploads\/2017\/09\/IMG_2445.jpg\" alt=\"IMG_2445\" itemprop=\"image\"  \/><br \/>\n\t\t\t\t<img decoding=\"async\" src=\"http:\/\/www.elrestaurantedelosmonjes.com\/web\/wp-content\/uploads\/2017\/09\/IMG_1610-1.jpg\" alt=\"pi\u00f1ata y regalos\" itemprop=\"image\"  \/><\/p>\n","protected":false},"excerpt":{"rendered":"<p>Reuniones privadas Hermoso lugar para pasar una ma\u00f1ana o tarde acompa\u00f1ados de los seres queridos, podemos ofrecerle el sal\u00f3n principal o el jard\u00edn. Le ofrecemos &hellip; <\/p>\n","protected":false},"author":1,"featured_media":0,"parent":0,"menu_order":0,"comment_status":"closed","ping_status":"closed","template":"","meta":{"footnotes":""},"class_list":["post-39","page","type-page","status-publish","hentry","latest_post"],"_links":{"self":[{"href":"http:\/\/www.elrestaurantedelosmonjes.com\/web\/wp-json\/wp\/v2\/pages\/39","targetHints":{"allow":["GET"]}}],"collection":[{"href":"http:\/\/www.elrestaurantedelosmonjes.com\/web\/wp-json\/wp\/v2\/pages"}],"about":[{"href":"http:\/\/www.elrestaurantedelosmonjes.com\/web\/wp-json\/wp\/v2\/types\/page"}],"author":[{"embeddable":true,"href":"http:\/\/www.elrestaurantedelosmonjes.com\/web\/wp-json\/wp\/v2\/users\/1"}],"replies":[{"embeddable":true,"href":"http:\/\/www.elrestaurantedelosmonjes.com\/web\/wp-json\/wp\/v2\/comments?post=39"}],"version-history":[{"count":9,"href":"http:\/\/www.elrestaurantedelosmonjes.com\/web\/wp-json\/wp\/v2\/pages\/39\/revisions"}],"predecessor-version":[{"id":582,"href":"http:\/\/www.elrestaurantedelosmonjes.com\/web\/wp-json\/wp\/v2\/pages\/39\/revisions\/582"}],"wp:attachment":[{"href":"http:\/\/www.elrestaurantedelosmonjes.com\/web\/wp-json\/wp\/v2\/media?parent=39"}],"curies":[{"name":"wp","href":"https:\/\/api.w.org\/{rel}","templated":true}]}}