{"id":434,"date":"2019-02-26T19:15:37","date_gmt":"2019-02-26T19:15:37","guid":{"rendered":"http:\/\/www.elrestaurantedelosmonjes.com\/web\/?page_id=434"},"modified":"2025-07-01T03:49:39","modified_gmt":"2025-07-01T03:49:39","slug":"elementor-434","status":"publish","type":"page","link":"http:\/\/www.elrestaurantedelosmonjes.com\/web\/elementor-434\/","title":{"rendered":"Eventos especiales"},"content":{"rendered":"\t\t<div data-elementor-type=\"wp-post\" data-elementor-id=\"434\" class=\"elementor elementor-434\">\n\t\t\t\t\t\t<section class=\"elementor-section elementor-top-section elementor-element elementor-element-2683c72 elementor-section-boxed elementor-section-height-default elementor-section-height-default\" data-id=\"2683c72\" data-element_type=\"section\" data-e-type=\"section\">\n\t\t\t\t\t\t<div class=\"elementor-container elementor-column-gap-default\">\n\t\t\t\t\t<div class=\"elementor-column elementor-col-100 elementor-top-column elementor-element elementor-element-86c5fd0\" data-id=\"86c5fd0\" data-element_type=\"column\" data-e-type=\"column\">\n\t\t\t<div class=\"elementor-widget-wrap elementor-element-populated\">\n\t\t\t\t\t\t<div class=\"elementor-element elementor-element-ee7f433 elementor-widget elementor-widget-video\" data-id=\"ee7f433\" data-element_type=\"widget\" data-e-type=\"widget\" data-settings=\"{&quot;youtube_url&quot;:&quot;https:\\\/\\\/youtu.be\\\/CPkJtfj9Hwo&quot;,&quot;video_type&quot;:&quot;youtube&quot;,&quot;controls&quot;:&quot;yes&quot;}\" data-widget_type=\"video.default\">\n\t\t\t\t<div class=\"elementor-widget-container\">\n\t\t\t\t\t\t\t<div class=\"elementor-wrapper elementor-open-inline\">\n\t\t\t<div class=\"elementor-video\"><\/div>\t\t<\/div>\n\t\t\t\t\t\t<\/div>\n\t\t\t\t<\/div>\n\t\t\t\t\t<\/div>\n\t\t<\/div>\n\t\t\t\t\t<\/div>\n\t\t<\/section>\n\t\t\t\t<section class=\"elementor-section elementor-top-section elementor-element elementor-element-5fe271f elementor-section-boxed elementor-section-height-default elementor-section-height-default\" data-id=\"5fe271f\" data-element_type=\"section\" data-e-type=\"section\">\n\t\t\t\t\t\t<div class=\"elementor-container elementor-column-gap-default\">\n\t\t\t\t\t<div class=\"elementor-column elementor-col-100 elementor-top-column elementor-element elementor-element-517c7ad\" data-id=\"517c7ad\" data-element_type=\"column\" data-e-type=\"column\">\n\t\t\t<div class=\"elementor-widget-wrap elementor-element-populated\">\n\t\t\t\t\t\t<div class=\"elementor-element elementor-element-f68490f elementor-widget elementor-widget-text-editor\" data-id=\"f68490f\" data-element_type=\"widget\" data-e-type=\"widget\" data-widget_type=\"text-editor.default\">\n\t\t\t\t<div class=\"elementor-widget-container\">\n\t\t\t\t\t\t\t\t\t<h3>Haga su evento un suceso inolvidable<\/h3><div><h3>Jard\u00edn para eventos cerca de Santa Fe, dentro del Ex convento del desierto de los leones<\/h3><h3>Aqui usted puede celebrar:<\/h3><ul><li><h3>\u2022 Una reuni\u00f3n familiar<\/h3><\/li><li><h3>\u2022 Bodas concepto,<\/h3><\/li><li><h3>bodas en jard\u00edn\u2022 XV a\u00f1os<\/h3><\/li><li><h3>\u2022 Bautizos<\/h3><\/li><li><h3>\u2022 Reuniones privadas de negocios<\/h3><\/li><li><h3>\u2022 Llanzamiento de producto<\/h3><\/li><li><h3>\u2022 Reuni\u00f3n de fin de a\u00f1o, etc.<\/h3><\/li><\/ul><\/div>\t\t\t\t\t\t\t\t<\/div>\n\t\t\t\t<\/div>\n\t\t\t\t<div class=\"elementor-element elementor-element-163bb85 elementor-widget elementor-widget-image\" data-id=\"163bb85\" data-element_type=\"widget\" data-e-type=\"widget\" data-widget_type=\"image.default\">\n\t\t\t\t<div class=\"elementor-widget-container\">\n\t\t\t\t\t\t\t\t\t\t\t\t\t\t\t<img fetchpriority=\"high\" decoding=\"async\" width=\"1024\" height=\"768\" src=\"http:\/\/www.elrestaurantedelosmonjes.com\/web\/wp-content\/uploads\/2019\/02\/exconvento1-1024x768.jpg\" class=\"attachment-large size-large wp-image-452\" alt=\"\" srcset=\"http:\/\/www.elrestaurantedelosmonjes.com\/web\/wp-content\/uploads\/2019\/02\/exconvento1-1024x768.jpg 1024w, http:\/\/www.elrestaurantedelosmonjes.com\/web\/wp-content\/uploads\/2019\/02\/exconvento1-300x225.jpg 300w, http:\/\/www.elrestaurantedelosmonjes.com\/web\/wp-content\/uploads\/2019\/02\/exconvento1-768x576.jpg 768w, http:\/\/www.elrestaurantedelosmonjes.com\/web\/wp-content\/uploads\/2019\/02\/exconvento1.jpg 1417w\" sizes=\"(max-width: 1024px) 100vw, 1024px\" \/>\t\t\t\t\t\t\t\t\t\t\t\t\t\t\t<\/div>\n\t\t\t\t<\/div>\n\t\t\t\t\t<\/div>\n\t\t<\/div>\n\t\t\t\t\t<\/div>\n\t\t<\/section>\n\t\t\t\t<section class=\"elementor-section elementor-top-section elementor-element elementor-element-16f99c4c elementor-section-boxed elementor-section-height-default elementor-section-height-default\" data-id=\"16f99c4c\" data-element_type=\"section\" data-e-type=\"section\">\n\t\t\t\t\t\t<div class=\"elementor-container elementor-column-gap-no\">\n\t\t\t\t\t<div class=\"elementor-column elementor-col-100 elementor-top-column elementor-element elementor-element-5aa3bf5f\" data-id=\"5aa3bf5f\" data-element_type=\"column\" data-e-type=\"column\">\n\t\t\t<div class=\"elementor-widget-wrap elementor-element-populated\">\n\t\t\t\t\t\t<div class=\"elementor-element elementor-element-190e641f elementor-widget elementor-widget-heading\" data-id=\"190e641f\" data-element_type=\"widget\" data-e-type=\"widget\" data-widget_type=\"heading.default\">\n\t\t\t\t<div class=\"elementor-widget-container\">\n\t\t\t\t\t<h2 class=\"elementor-heading-title elementor-size-large\">eventos de cualquier tema<\/h2>\t\t\t\t<\/div>\n\t\t\t\t<\/div>\n\t\t\t\t<section class=\"elementor-section elementor-inner-section elementor-element elementor-element-fc4f8ee elementor-section-boxed elementor-section-height-default elementor-section-height-default\" data-id=\"fc4f8ee\" data-element_type=\"section\" data-e-type=\"section\" data-settings=\"{&quot;background_background&quot;:&quot;classic&quot;}\">\n\t\t\t\t\t\t<div class=\"elementor-container elementor-column-gap-no\">\n\t\t\t\t\t<div class=\"elementor-column elementor-col-33 elementor-inner-column elementor-element elementor-element-157a1d73\" data-id=\"157a1d73\" data-element_type=\"column\" data-e-type=\"column\" data-settings=\"{&quot;background_background&quot;:&quot;classic&quot;}\">\n\t\t\t<div class=\"elementor-widget-wrap elementor-element-populated\">\n\t\t\t\t\t\t<div class=\"elementor-element elementor-element-739b74db elementor-widget elementor-widget-image\" data-id=\"739b74db\" data-element_type=\"widget\" data-e-type=\"widget\" data-widget_type=\"image.default\">\n\t\t\t\t<div class=\"elementor-widget-container\">\n\t\t\t\t\t\t\t\t\t\t\t\t\t\t\t<img decoding=\"async\" width=\"2592\" height=\"1936\" src=\"http:\/\/www.elrestaurantedelosmonjes.com\/web\/wp-content\/uploads\/2017\/09\/IMG_0684.jpg\" class=\"attachment-full size-full wp-image-134\" alt=\"\" srcset=\"http:\/\/www.elrestaurantedelosmonjes.com\/web\/wp-content\/uploads\/2017\/09\/IMG_0684.jpg 2592w, http:\/\/www.elrestaurantedelosmonjes.com\/web\/wp-content\/uploads\/2017\/09\/IMG_0684-300x224.jpg 300w, http:\/\/www.elrestaurantedelosmonjes.com\/web\/wp-content\/uploads\/2017\/09\/IMG_0684-768x574.jpg 768w, http:\/\/www.elrestaurantedelosmonjes.com\/web\/wp-content\/uploads\/2017\/09\/IMG_0684-1024x765.jpg 1024w\" sizes=\"(max-width: 2592px) 100vw, 2592px\" \/>\t\t\t\t\t\t\t\t\t\t\t\t\t\t\t<\/div>\n\t\t\t\t<\/div>\n\t\t\t\t<div class=\"elementor-element elementor-element-2e10c6df elementor-widget elementor-widget-heading\" data-id=\"2e10c6df\" data-element_type=\"widget\" data-e-type=\"widget\" data-widget_type=\"heading.default\">\n\t\t\t\t<div class=\"elementor-widget-container\">\n\t\t\t\t\t<h3 class=\"elementor-heading-title elementor-size-large\">bodas<\/h3>\t\t\t\t<\/div>\n\t\t\t\t<\/div>\n\t\t\t\t<div class=\"elementor-element elementor-element-17bcad4e elementor-widget-divider--view-line elementor-widget elementor-widget-divider\" data-id=\"17bcad4e\" data-element_type=\"widget\" data-e-type=\"widget\" data-widget_type=\"divider.default\">\n\t\t\t\t<div class=\"elementor-widget-container\">\n\t\t\t\t\t\t\t<div class=\"elementor-divider\">\n\t\t\t<span class=\"elementor-divider-separator\">\n\t\t\t\t\t\t<\/span>\n\t\t<\/div>\n\t\t\t\t\t\t<\/div>\n\t\t\t\t<\/div>\n\t\t\t\t<div class=\"elementor-element elementor-element-4b8a70d9 elementor-widget elementor-widget-text-editor\" data-id=\"4b8a70d9\" data-element_type=\"widget\" data-e-type=\"widget\" data-widget_type=\"text-editor.default\">\n\t\t\t\t<div class=\"elementor-widget-container\">\n\t\t\t\t\t\t\t\t\t<p>Paquetes de boda todo incluido desde $850.00 por persona, minimo 100 personas<\/p>\t\t\t\t\t\t\t\t<\/div>\n\t\t\t\t<\/div>\n\t\t\t\t\t<\/div>\n\t\t<\/div>\n\t\t\t\t<div class=\"elementor-column elementor-col-33 elementor-inner-column elementor-element elementor-element-57a1b27b\" data-id=\"57a1b27b\" data-element_type=\"column\" data-e-type=\"column\" data-settings=\"{&quot;background_background&quot;:&quot;classic&quot;}\">\n\t\t\t<div class=\"elementor-widget-wrap elementor-element-populated\">\n\t\t\t\t\t\t<div class=\"elementor-element elementor-element-14f57fb6 elementor-widget elementor-widget-image\" data-id=\"14f57fb6\" data-element_type=\"widget\" data-e-type=\"widget\" data-widget_type=\"image.default\">\n\t\t\t\t<div class=\"elementor-widget-container\">\n\t\t\t\t\t\t\t\t\t\t\t\t\t\t\t<img decoding=\"async\" width=\"2896\" height=\"1936\" src=\"http:\/\/www.elrestaurantedelosmonjes.com\/web\/wp-content\/uploads\/2017\/10\/DSC00097.jpg\" class=\"attachment-full size-full wp-image-123\" alt=\"\" srcset=\"http:\/\/www.elrestaurantedelosmonjes.com\/web\/wp-content\/uploads\/2017\/10\/DSC00097.jpg 2896w, http:\/\/www.elrestaurantedelosmonjes.com\/web\/wp-content\/uploads\/2017\/10\/DSC00097-300x201.jpg 300w, http:\/\/www.elrestaurantedelosmonjes.com\/web\/wp-content\/uploads\/2017\/10\/DSC00097-768x513.jpg 768w, http:\/\/www.elrestaurantedelosmonjes.com\/web\/wp-content\/uploads\/2017\/10\/DSC00097-1024x685.jpg 1024w\" sizes=\"(max-width: 2896px) 100vw, 2896px\" \/>\t\t\t\t\t\t\t\t\t\t\t\t\t\t\t<\/div>\n\t\t\t\t<\/div>\n\t\t\t\t<div class=\"elementor-element elementor-element-2c44ac84 elementor-widget elementor-widget-heading\" data-id=\"2c44ac84\" data-element_type=\"widget\" data-e-type=\"widget\" data-widget_type=\"heading.default\">\n\t\t\t\t<div class=\"elementor-widget-container\">\n\t\t\t\t\t<h3 class=\"elementor-heading-title elementor-size-large\">quince a\u00f1os<br>y bautizos<\/h3>\t\t\t\t<\/div>\n\t\t\t\t<\/div>\n\t\t\t\t<div class=\"elementor-element elementor-element-737ec1b4 elementor-widget-divider--view-line elementor-widget elementor-widget-divider\" data-id=\"737ec1b4\" data-element_type=\"widget\" data-e-type=\"widget\" data-widget_type=\"divider.default\">\n\t\t\t\t<div class=\"elementor-widget-container\">\n\t\t\t\t\t\t\t<div class=\"elementor-divider\">\n\t\t\t<span class=\"elementor-divider-separator\">\n\t\t\t\t\t\t<\/span>\n\t\t<\/div>\n\t\t\t\t\t\t<\/div>\n\t\t\t\t<\/div>\n\t\t\t\t<div class=\"elementor-element elementor-element-4e2a570e elementor-widget elementor-widget-text-editor\" data-id=\"4e2a570e\" data-element_type=\"widget\" data-e-type=\"widget\" data-widget_type=\"text-editor.default\">\n\t\t\t\t<div class=\"elementor-widget-container\">\n\t\t\t\t\t\t\t\t\t<p>En el jard\u00edn usted podr\u00e1 tener una gran celebraci\u00f3n en ese gran d\u00eda!<\/p>\t\t\t\t\t\t\t\t<\/div>\n\t\t\t\t<\/div>\n\t\t\t\t\t<\/div>\n\t\t<\/div>\n\t\t\t\t<div class=\"elementor-column elementor-col-33 elementor-inner-column elementor-element elementor-element-e7d5af1\" data-id=\"e7d5af1\" data-element_type=\"column\" data-e-type=\"column\" data-settings=\"{&quot;background_background&quot;:&quot;classic&quot;}\">\n\t\t\t<div class=\"elementor-widget-wrap elementor-element-populated\">\n\t\t\t\t\t\t<div class=\"elementor-element elementor-element-499866f8 elementor-widget elementor-widget-image\" data-id=\"499866f8\" data-element_type=\"widget\" data-e-type=\"widget\" data-widget_type=\"image.default\">\n\t\t\t\t<div class=\"elementor-widget-container\">\n\t\t\t\t\t\t\t\t\t\t\t\t\t\t\t<img loading=\"lazy\" decoding=\"async\" width=\"2592\" height=\"1936\" src=\"http:\/\/www.elrestaurantedelosmonjes.com\/web\/wp-content\/uploads\/2017\/10\/IMG_0113.jpg\" class=\"attachment-full size-full wp-image-292\" alt=\"\" srcset=\"http:\/\/www.elrestaurantedelosmonjes.com\/web\/wp-content\/uploads\/2017\/10\/IMG_0113.jpg 2592w, http:\/\/www.elrestaurantedelosmonjes.com\/web\/wp-content\/uploads\/2017\/10\/IMG_0113-300x224.jpg 300w, http:\/\/www.elrestaurantedelosmonjes.com\/web\/wp-content\/uploads\/2017\/10\/IMG_0113-768x574.jpg 768w, http:\/\/www.elrestaurantedelosmonjes.com\/web\/wp-content\/uploads\/2017\/10\/IMG_0113-1024x765.jpg 1024w, http:\/\/www.elrestaurantedelosmonjes.com\/web\/wp-content\/uploads\/2017\/10\/IMG_0113-1600x1195.jpg 1600w\" sizes=\"(max-width: 2592px) 100vw, 2592px\" \/>\t\t\t\t\t\t\t\t\t\t\t\t\t\t\t<\/div>\n\t\t\t\t<\/div>\n\t\t\t\t<div class=\"elementor-element elementor-element-20d505b0 elementor-widget elementor-widget-heading\" data-id=\"20d505b0\" data-element_type=\"widget\" data-e-type=\"widget\" data-widget_type=\"heading.default\">\n\t\t\t\t<div class=\"elementor-widget-container\">\n\t\t\t\t\t<h3 class=\"elementor-heading-title elementor-size-large\">empresariales<\/h3>\t\t\t\t<\/div>\n\t\t\t\t<\/div>\n\t\t\t\t<div class=\"elementor-element elementor-element-726f41a3 elementor-widget-divider--view-line elementor-widget elementor-widget-divider\" data-id=\"726f41a3\" data-element_type=\"widget\" data-e-type=\"widget\" data-widget_type=\"divider.default\">\n\t\t\t\t<div class=\"elementor-widget-container\">\n\t\t\t\t\t\t\t<div class=\"elementor-divider\">\n\t\t\t<span class=\"elementor-divider-separator\">\n\t\t\t\t\t\t<\/span>\n\t\t<\/div>\n\t\t\t\t\t\t<\/div>\n\t\t\t\t<\/div>\n\t\t\t\t<div class=\"elementor-element elementor-element-60321f33 elementor-widget elementor-widget-text-editor\" data-id=\"60321f33\" data-element_type=\"widget\" data-e-type=\"widget\" data-widget_type=\"text-editor.default\">\n\t\t\t\t<div class=\"elementor-widget-container\">\n\t\t\t\t\t\t\t\t\t<p>Instalaciones especiales para cualqier evento empresarial, curso o presentaci\u00f3n de producto. <\/p>\t\t\t\t\t\t\t\t<\/div>\n\t\t\t\t<\/div>\n\t\t\t\t\t<\/div>\n\t\t<\/div>\n\t\t\t\t\t<\/div>\n\t\t<\/section>\n\t\t\t\t\t<\/div>\n\t\t<\/div>\n\t\t\t\t\t<\/div>\n\t\t<\/section>\n\t\t\t\t<\/div>\n\t\t","protected":false},"excerpt":{"rendered":"<p>https:\/\/youtu.be\/CPkJtfj9Hwo Haga su evento un suceso inolvidable Jard\u00edn para eventos cerca de Santa Fe, dentro del Ex convento del desierto de los leones Aqui usted &hellip; <\/p>\n","protected":false},"author":1,"featured_media":0,"parent":0,"menu_order":0,"comment_status":"closed","ping_status":"closed","template":"","meta":{"footnotes":""},"class_list":["post-434","page","type-page","status-publish","hentry","latest_post"],"_links":{"self":[{"href":"http:\/\/www.elrestaurantedelosmonjes.com\/web\/wp-json\/wp\/v2\/pages\/434","targetHints":{"allow":["GET"]}}],"collection":[{"href":"http:\/\/www.elrestaurantedelosmonjes.com\/web\/wp-json\/wp\/v2\/pages"}],"about":[{"href":"http:\/\/www.elrestaurantedelosmonjes.com\/web\/wp-json\/wp\/v2\/types\/page"}],"author":[{"embeddable":true,"href":"http:\/\/www.elrestaurantedelosmonjes.com\/web\/wp-json\/wp\/v2\/users\/1"}],"replies":[{"embeddable":true,"href":"http:\/\/www.elrestaurantedelosmonjes.com\/web\/wp-json\/wp\/v2\/comments?post=434"}],"version-history":[{"count":51,"href":"http:\/\/www.elrestaurantedelosmonjes.com\/web\/wp-json\/wp\/v2\/pages\/434\/revisions"}],"predecessor-version":[{"id":1199,"href":"http:\/\/www.elrestaurantedelosmonjes.com\/web\/wp-json\/wp\/v2\/pages\/434\/revisions\/1199"}],"wp:attachment":[{"href":"http:\/\/www.elrestaurantedelosmonjes.com\/web\/wp-json\/wp\/v2\/media?parent=434"}],"curies":[{"name":"wp","href":"https:\/\/api.w.org\/{rel}","templated":true}]}}