{"id":94,"date":"2017-09-24T19:22:28","date_gmt":"2017-09-24T19:22:28","guid":{"rendered":"http:\/\/www.elrestaurantedelosmonjes.com\/web\/?page_id=94"},"modified":"2019-06-10T17:18:58","modified_gmt":"2019-06-10T17:18:58","slug":"bodas-2","status":"publish","type":"page","link":"http:\/\/www.elrestaurantedelosmonjes.com\/web\/bodas-2\/","title":{"rendered":"Eventos sociales"},"content":{"rendered":"<p>[masterslider id=&#8221;4&#8243;]<\/p>\n<p><strong><a href=\"http:\/\/www.elrestaurantedelosmonjes.com\/web\/wp-content\/uploads\/2017\/09\/cropped-mesa2.jpg\"><img fetchpriority=\"high\" decoding=\"async\" src=\"http:\/\/www.elrestaurantedelosmonjes.com\/web\/wp-content\/uploads\/2017\/09\/cropped-mesa2.jpg\" alt=\"\" width=\"1600\" height=\"590\" \/><\/a>Espacios y capacidades<\/strong><\/p>\n<p>El restaurante cuenta con infraestructura completa para atenderlos de la mejor manera y que se sientan en un entorno c\u00f3modo al aire libre. Cada espacio puede adaptarse a sus necesidades ya sea para algo \u00edntimo o a gran nivel. Podr\u00e1 encontrar:<\/p>\n<ul>\n<li><strong>Jard\u00edn con capacidad para 180 personas<\/strong><\/li>\n<li><strong>Pista de baile<\/strong><\/li>\n<li><strong>Sal\u00f3n con chimenea para 60 personas<\/strong><\/li>\n<li><strong>Dentro del Ex convento del desierto de los leones<\/strong><\/li>\n<li><strong>Estacionamiento<\/strong><\/li>\n<\/ul>\n<p><a href=\"http:\/\/www.elrestaurantedelosmonjes.com\/web\/wp-content\/uploads\/2017\/09\/cropped-mesabaja2.jpg\"><img decoding=\"async\" src=\"http:\/\/www.elrestaurantedelosmonjes.com\/web\/wp-content\/uploads\/2017\/09\/cropped-mesabaja2.jpg\" alt=\"\" width=\"1180\" height=\"551\" \/><\/a><\/p>\n<p><a href=\"http:\/\/www.elrestaurantedelosmonjes.com\/web\/wp-content\/uploads\/2017\/10\/DSC00469.jpg\"><img decoding=\"async\" src=\"http:\/\/www.elrestaurantedelosmonjes.com\/web\/wp-content\/uploads\/2017\/10\/DSC00469.jpg\" alt=\"\" width=\"2896\" height=\"1936\" \/><\/a><\/p>\n<p><a href=\"http:\/\/www.elrestaurantedelosmonjes.com\/web\/wp-content\/uploads\/2017\/10\/boda3.jpg\"><img loading=\"lazy\" decoding=\"async\" src=\"http:\/\/www.elrestaurantedelosmonjes.com\/web\/wp-content\/uploads\/2017\/10\/boda3.jpg\" alt=\"\" width=\"720\" height=\"489\" \/><\/a><\/p>\n<p><strong>Servicios que ofrece<\/strong><\/p>\n<p>En el Restaurante de los Monjes ser\u00e1n atendidos por personal altamente calificado para cubrir todos sus requerimientos. Un evento que resultar\u00e1 tal cual lo hab\u00edan so\u00f1ado con todo lo que les ofrecen:<\/p>\n<ul>\n<li><strong>Banquete<br \/>\n<\/strong><\/li>\n<li><strong>Montaje<\/strong><strong><br \/>\n<\/strong><\/li>\n<li><strong>Servicio de meseros<\/strong><\/li>\n<li><strong>Decoraci\u00f3n<\/strong><\/li>\n<li><strong>Animaci\u00f3n<\/strong><\/li>\n<li><strong>M\u00fasica<\/strong><\/li>\n<li><strong>Personal<\/strong><\/li>\n<li><strong>Fotograf\u00eda<\/strong><\/li>\n<\/ul>\n<p><a href=\"http:\/\/www.elrestaurantedelosmonjes.com\/web\/wp-content\/uploads\/2017\/10\/DSC00519.jpg\"><img loading=\"lazy\" decoding=\"async\" src=\"http:\/\/www.elrestaurantedelosmonjes.com\/web\/wp-content\/uploads\/2017\/10\/DSC00519.jpg\" alt=\"\" width=\"2896\" height=\"1936\" \/><\/a><\/p>\n<p><a href=\"http:\/\/www.elrestaurantedelosmonjes.com\/web\/wp-content\/uploads\/2017\/10\/DSC00509.jpg\"><img loading=\"lazy\" decoding=\"async\" src=\"http:\/\/www.elrestaurantedelosmonjes.com\/web\/wp-content\/uploads\/2017\/10\/DSC00509.jpg\" alt=\"\" width=\"2896\" height=\"1936\" \/><\/a><a href=\"http:\/\/www.elrestaurantedelosmonjes.com\/web\/wp-content\/uploads\/2017\/10\/file9308.jpg\"><img loading=\"lazy\" decoding=\"async\" src=\"http:\/\/www.elrestaurantedelosmonjes.com\/web\/wp-content\/uploads\/2017\/10\/file9308.jpg\" alt=\"\" width=\"2592\" height=\"1936\" \/><\/a><\/p>\n<p>Un lugar con encanto que har\u00e1 que vivan una experiencia inolvidable en manos de profesionales que estar\u00e1n por ustedes a cada momento.<\/p>\n<p><a href=\"http:\/\/www.elrestaurantedelosmonjes.com\/web\/wp-content\/uploads\/2017\/10\/DSC00499.jpg\"><img loading=\"lazy\" decoding=\"async\" src=\"http:\/\/www.elrestaurantedelosmonjes.com\/web\/wp-content\/uploads\/2017\/10\/DSC00499.jpg\" alt=\"\" width=\"2896\" height=\"1936\" \/><\/a><\/p>\n<p><a href=\"http:\/\/www.elrestaurantedelosmonjes.com\/web\/wp-content\/uploads\/2017\/10\/DSC00399.jpg\"><img loading=\"lazy\" decoding=\"async\" src=\"http:\/\/www.elrestaurantedelosmonjes.com\/web\/wp-content\/uploads\/2017\/10\/DSC00399.jpg\" alt=\"\" width=\"2896\" height=\"1936\" \/><\/a><\/p>\n<p><a href=\"http:\/\/www.elrestaurantedelosmonjes.com\/web\/wp-content\/uploads\/2017\/09\/IMG_3585.jpg\"><img loading=\"lazy\" decoding=\"async\" src=\"http:\/\/www.elrestaurantedelosmonjes.com\/web\/wp-content\/uploads\/2017\/09\/IMG_3585.jpg\" alt=\"\" width=\"2592\" height=\"1936\" \/><\/a><\/p>\n<p><a href=\"http:\/\/www.elrestaurantedelosmonjes.com\/web\/wp-content\/uploads\/2019\/03\/eventocountry5.jpg\"><img loading=\"lazy\" decoding=\"async\" src=\"http:\/\/www.elrestaurantedelosmonjes.com\/web\/wp-content\/uploads\/2019\/03\/eventocountry5.jpg\" alt=\"\" width=\"1969\" height=\"1476\" \/><\/a><a href=\"http:\/\/www.elrestaurantedelosmonjes.com\/web\/wp-content\/uploads\/2017\/09\/IMG_2445.jpg\"><img loading=\"lazy\" decoding=\"async\" src=\"http:\/\/www.elrestaurantedelosmonjes.com\/web\/wp-content\/uploads\/2017\/09\/IMG_2445.jpg\" alt=\"\" width=\"4032\" height=\"3024\" \/><\/a> <a href=\"http:\/\/www.elrestaurantedelosmonjes.com\/web\/wp-content\/uploads\/2017\/09\/IMG_2447.jpg\"><img loading=\"lazy\" decoding=\"async\" src=\"http:\/\/www.elrestaurantedelosmonjes.com\/web\/wp-content\/uploads\/2017\/09\/IMG_2447.jpg\" alt=\"\" width=\"4032\" height=\"3024\" \/><\/a><\/p>\n<p>\t\t\t\t<img decoding=\"async\" src=\"http:\/\/www.elrestaurantedelosmonjes.com\/web\/wp-content\/uploads\/2017\/09\/mesa4.jpg\" alt=\"mesa4\" itemprop=\"image\"  \/><\/p>\n<p>[masterslider id=&#8221;5&#8243;]<\/p>\n","protected":false},"excerpt":{"rendered":"<p>[masterslider id=&#8221;4&#8243;] Espacios y capacidades El restaurante cuenta con infraestructura completa para atenderlos de la mejor manera y que se sientan en un entorno c\u00f3modo &hellip; <\/p>\n","protected":false},"author":1,"featured_media":0,"parent":0,"menu_order":0,"comment_status":"closed","ping_status":"closed","template":"","meta":{"footnotes":""},"class_list":["post-94","page","type-page","status-publish","hentry","latest_post"],"_links":{"self":[{"href":"http:\/\/www.elrestaurantedelosmonjes.com\/web\/wp-json\/wp\/v2\/pages\/94","targetHints":{"allow":["GET"]}}],"collection":[{"href":"http:\/\/www.elrestaurantedelosmonjes.com\/web\/wp-json\/wp\/v2\/pages"}],"about":[{"href":"http:\/\/www.elrestaurantedelosmonjes.com\/web\/wp-json\/wp\/v2\/types\/page"}],"author":[{"embeddable":true,"href":"http:\/\/www.elrestaurantedelosmonjes.com\/web\/wp-json\/wp\/v2\/users\/1"}],"replies":[{"embeddable":true,"href":"http:\/\/www.elrestaurantedelosmonjes.com\/web\/wp-json\/wp\/v2\/comments?post=94"}],"version-history":[{"count":17,"href":"http:\/\/www.elrestaurantedelosmonjes.com\/web\/wp-json\/wp\/v2\/pages\/94\/revisions"}],"predecessor-version":[{"id":584,"href":"http:\/\/www.elrestaurantedelosmonjes.com\/web\/wp-json\/wp\/v2\/pages\/94\/revisions\/584"}],"wp:attachment":[{"href":"http:\/\/www.elrestaurantedelosmonjes.com\/web\/wp-json\/wp\/v2\/media?parent=94"}],"curies":[{"name":"wp","href":"https:\/\/api.w.org\/{rel}","templated":true}]}}